{"id":58,"date":"2024-12-13T22:48:43","date_gmt":"2024-12-13T22:48:43","guid":{"rendered":"https:\/\/2025.expedition-rothenburg.ch\/?page_id=58"},"modified":"2026-04-08T17:03:08","modified_gmt":"2026-04-08T17:03:08","slug":"bars","status":"publish","type":"page","link":"https:\/\/expedition-rothenburg.ch\/index.php\/bars\/","title":{"rendered":"Bars"},"content":{"rendered":"\n<div class=\"wp-block-group is-vertical is-content-justification-center is-layout-flex wp-container-core-group-is-layout-5a6c4523 wp-block-group-is-layout-flex\">\n<div style=\"height:55px\" aria-hidden=\"true\" class=\"wp-block-spacer wp-container-content-0591978f\"><\/div>\n\n\n\n<div class=\"wp-block-columns is-layout-flex wp-container-core-columns-is-layout-28f84493 wp-block-columns-is-layout-flex\">\n<div class=\"wp-block-column is-layout-flow wp-block-column-is-layout-flow\"><\/div>\n\n\n\n<div class=\"wp-block-column is-layout-flow wp-block-column-is-layout-flow\" style=\"flex-basis:400px\">\n<figure class=\"wp-block-video aligncenter\" style=\"padding-top:0;padding-right:0;padding-bottom:0;padding-left:0\"><video height=\"1080\" style=\"aspect-ratio: 1920 \/ 1080;\" width=\"1920\" controls muted src=\"https:\/\/expedition-rothenburg.ch\/wp-content\/uploads\/2026\/04\/IMG_2868.mov.mp4\"><\/video><\/figure>\n<\/div>\n\n\n\n<div class=\"wp-block-column is-layout-flow wp-block-column-is-layout-flow\"><\/div>\n<\/div>\n<\/div>\n\n\n\n<div class=\"wp-block-group alignfull has-base-2-background-color has-background has-global-padding is-layout-constrained wp-container-core-group-is-layout-f10383c0 wp-block-group-is-layout-constrained\" style=\"border-style:none;border-width:0px;border-radius:0px;min-height:0px;margin-top:0;margin-bottom:0;padding-top:var(--wp--preset--spacing--30);padding-right:var(--wp--preset--spacing--50);padding-bottom:var(--wp--preset--spacing--30);padding-left:var(--wp--preset--spacing--50)\">\n<div style=\"margin-top:0;margin-bottom:0;height:0px;width:0px\" aria-hidden=\"true\" class=\"wp-block-spacer\"><\/div>\n\n\n\n<div class=\"wp-block-group alignwide has-background is-layout-flow wp-container-core-group-is-layout-d81ce689 wp-block-group-is-layout-flow\" style=\"border-radius:16px;background-color:#f9f8f5;margin-top:var(--wp--preset--spacing--10);margin-bottom:var(--wp--preset--spacing--10);padding-top:var(--wp--preset--spacing--10);padding-right:var(--wp--preset--spacing--50);padding-bottom:var(--wp--preset--spacing--10);padding-left:var(--wp--preset--spacing--50)\">\n<p class=\"has-text-align-center has-text-color has-link-color has-fontdinerdotcom-huggable-font-family has-large-font-size wp-elements-ebb182bd96dba90e15c94ba400a9f75d\" style=\"color:#bf1613;text-decoration:underline;text-transform:none\">Invasion S\u00fcdpol<\/p>\n\n\n\n<div style=\"height:var(--wp--preset--spacing--10)\" aria-hidden=\"true\" class=\"wp-block-spacer\"><\/div>\n\n\n\n<p>Doch da in der Ferne\u2026 was ist das? <br>Ein Eisbrecher segelt im antarktischen Ozean. L\u00f6sche deinen Durst mit einem eiskalten Drink oder einem k\u00fchlen Bier.<\/p>\n<\/div>\n\n\n\n<div class=\"wp-block-group alignwide has-background is-layout-flow wp-container-core-group-is-layout-d81ce689 wp-block-group-is-layout-flow\" style=\"border-radius:16px;background-color:#f9f8f5;margin-top:var(--wp--preset--spacing--10);margin-bottom:var(--wp--preset--spacing--10);padding-top:var(--wp--preset--spacing--10);padding-right:var(--wp--preset--spacing--50);padding-bottom:var(--wp--preset--spacing--10);padding-left:var(--wp--preset--spacing--50)\">\n<p class=\"has-text-align-center has-text-color has-link-color has-fontdinerdotcom-huggable-font-family has-large-font-size wp-elements-bb79b1cb6784842c863b62af33e7b02f\" style=\"color:#bf1613;text-decoration:underline;text-transform:none\">Predator<\/p>\n\n\n\n<div style=\"height:var(--wp--preset--spacing--10)\" aria-hidden=\"true\" class=\"wp-block-spacer\"><\/div>\n\n\n\n<p>Faszinierend, unbekannt, gef\u00e4hrlich\u2026 &#8211; das Universum hat viele Gesichter.&nbsp;<br>Lass dich in eine fremde, exotische und mysteri\u00f6se&nbsp;Welt&nbsp;entf\u00fchren.&nbsp;Geniesse die Atmosph\u00e4re und erobere fremde Galaxien.&nbsp;Du wirst es nicht bereuen!<\/p>\n<\/div>\n\n\n\n<div class=\"wp-block-group alignwide has-background is-layout-flow wp-container-core-group-is-layout-d81ce689 wp-block-group-is-layout-flow\" style=\"border-radius:16px;background-color:#f9f8f5;margin-top:var(--wp--preset--spacing--10);margin-bottom:var(--wp--preset--spacing--10);padding-top:var(--wp--preset--spacing--10);padding-right:var(--wp--preset--spacing--50);padding-bottom:var(--wp--preset--spacing--10);padding-left:var(--wp--preset--spacing--50)\">\n<p class=\"has-text-align-center has-text-color has-link-color has-fontdinerdotcom-huggable-font-family has-large-font-size wp-elements-753d807ac859f06a98fa28960004ed48\" style=\"color:#bf1613;text-decoration:underline;text-transform:none\">Waldw\u00e4chter<\/p>\n\n\n\n<div style=\"height:var(--wp--preset--spacing--10)\" aria-hidden=\"true\" class=\"wp-block-spacer\"><\/div>\n\n\n\n<p>In den Mythen und Fabeln leben einzigartige Gesch\u00f6pfe, die \u00fcber den Wald wachen. G\u00f6nn dir in unserer Waldh\u00fctte einen guten Shot, \u2013 vielleicht siehst auch du ein solches Wesen.<\/p>\n<\/div>\n\n\n\n<div class=\"wp-block-group alignwide has-background is-layout-flow wp-container-core-group-is-layout-d81ce689 wp-block-group-is-layout-flow\" style=\"border-radius:16px;background-color:#f9f8f5;margin-top:var(--wp--preset--spacing--10);margin-bottom:var(--wp--preset--spacing--10);padding-top:var(--wp--preset--spacing--10);padding-right:var(--wp--preset--spacing--50);padding-bottom:var(--wp--preset--spacing--10);padding-left:var(--wp--preset--spacing--50)\">\n<p class=\"has-text-align-center has-text-color has-link-color has-fontdinerdotcom-huggable-font-family has-large-font-size wp-elements-5631a41e833c6c7c3d8600d435d3c8ca\" style=\"color:#bf1613;text-decoration:underline;text-transform:none\">Lussie das Seeungeheuer<\/p>\n\n\n\n<div style=\"height:var(--wp--preset--spacing--10)\" aria-hidden=\"true\" class=\"wp-block-spacer\"><\/div>\n\n\n\n<p>Die Luzerner Seebucht wird von einem furchteinfl\u00f6ssenden Seeungeheuer bedroht.&nbsp;Bist du unser Retter und kannst das Ungeheuer mit vielen Drinks vertreiben\u2026?<\/p>\n<\/div>\n\n\n\n<div class=\"wp-block-group alignwide has-background is-layout-flow wp-container-core-group-is-layout-d81ce689 wp-block-group-is-layout-flow\" style=\"border-radius:16px;background-color:#f9f8f5;margin-top:var(--wp--preset--spacing--10);margin-bottom:var(--wp--preset--spacing--10);padding-top:var(--wp--preset--spacing--10);padding-right:var(--wp--preset--spacing--50);padding-bottom:var(--wp--preset--spacing--10);padding-left:var(--wp--preset--spacing--50)\">\n<p class=\"has-text-align-center has-text-color has-link-color has-fontdinerdotcom-huggable-font-family has-large-font-size wp-elements-5961d73a02fe324184e505ac4df8d0e5\" style=\"color:#bf1613;text-decoration:underline;text-transform:none\">Weinbar<\/p>\n\n\n\n<div style=\"height:var(--wp--preset--spacing--10)\" aria-hidden=\"true\" class=\"wp-block-spacer\"><\/div>\n\n\n\n<p>Regen l\u00e4sst das Gras wachsen, Wein das Gespr\u00e4ch. Wer&#8217;s gern edler&nbsp;mag, ist in der Weinbar gut aufgehoben. Unser Sortiment hat f\u00fcr jeden Feinschmecker etwas zu bieten!<\/p>\n<\/div>\n\n\n\n<div class=\"wp-block-group alignwide has-background is-layout-flow wp-container-core-group-is-layout-d81ce689 wp-block-group-is-layout-flow\" style=\"border-radius:16px;background-color:#f9f8f5;margin-top:var(--wp--preset--spacing--10);margin-bottom:var(--wp--preset--spacing--10);padding-top:var(--wp--preset--spacing--10);padding-right:var(--wp--preset--spacing--50);padding-bottom:var(--wp--preset--spacing--10);padding-left:var(--wp--preset--spacing--50)\">\n<p class=\"has-text-align-center has-text-color has-link-color has-fontdinerdotcom-huggable-font-family has-large-font-size wp-elements-3e3c410c608e60d35f66ebf6755221bf\" style=\"color:#bf1613;text-decoration:underline;text-transform:none\">Zum goldenen Ritter<\/p>\n\n\n\n<div style=\"height:var(--wp--preset--spacing--10)\" aria-hidden=\"true\" class=\"wp-block-spacer\"><\/div>\n\n\n\n<p>F\u00fcr alle starken und hungrigen K\u00e4mpfer stehen beim goldenen Ritter verschiedene kulinarische K\u00f6stlichkeiten parat. Lass dich \u00fcberraschen und komm vorbei! Wir warten auf deine Bestellung.<\/p>\n<\/div>\n\n\n\n<div class=\"wp-block-group alignwide has-background is-layout-flow wp-container-core-group-is-layout-d81ce689 wp-block-group-is-layout-flow\" style=\"border-radius:16px;background-color:#f9f8f5;margin-top:var(--wp--preset--spacing--10);margin-bottom:var(--wp--preset--spacing--10);padding-top:var(--wp--preset--spacing--10);padding-right:var(--wp--preset--spacing--50);padding-bottom:var(--wp--preset--spacing--10);padding-left:var(--wp--preset--spacing--50)\">\n<p class=\"has-text-align-center has-text-color has-link-color has-fontdinerdotcom-huggable-font-family has-large-font-size wp-elements-ac3d393827cd18b90a24da915f809b54\" style=\"color:#bf1613;text-decoration:underline;text-transform:none\">Apr\u00e8s-Ski H\u00f6tte<\/p>\n\n\n\n<div style=\"height:var(--wp--preset--spacing--10)\" aria-hidden=\"true\" class=\"wp-block-spacer\"><\/div>\n\n\n\n<p>Kafi Schnaps, musikalischi Onderhaltig ond en flotti Bedienig send i \u00fcsere Apr\u00e8s-Ski H\u00f6tte de Renner, \u2013 einfach &#8218;ein Muss&#8216; f\u00f6r jede Kenner! <br>Di ultimative Kafi am Meter ond die gs\u00f6ffige Gosler-Kafi d\u00f6rfid nat\u00fcrli ned f\u00e4hle ond neu mitem Franatiker Shot, de musch probiert ha \u2013 f\u00f6r jede heds \u00f6ppis, chasch us de gross Charte s\u00e4lber w\u00e4hle. Hesch du loscht zom Schaukle ond Jodle, \u2013 chomm verbi, ii de Stobe werd d\u2019Stemmig secher brodle!<\/p>\n<\/div>\n\n\n\n<div class=\"wp-block-group alignwide has-background is-layout-flow wp-container-core-group-is-layout-d81ce689 wp-block-group-is-layout-flow\" style=\"border-radius:16px;background-color:#f9f8f5;margin-top:var(--wp--preset--spacing--10);margin-bottom:var(--wp--preset--spacing--10);padding-top:var(--wp--preset--spacing--10);padding-right:var(--wp--preset--spacing--50);padding-bottom:var(--wp--preset--spacing--10);padding-left:var(--wp--preset--spacing--50)\">\n<p class=\"has-text-align-center has-text-color has-link-color has-fontdinerdotcom-huggable-font-family has-large-font-size wp-elements-d76c86c24f55855912dfee391f57a69e\" style=\"color:#bf1613;text-decoration:underline;text-transform:none\">Bluetsuger<\/p>\n\n\n\n<div style=\"height:var(--wp--preset--spacing--10)\" aria-hidden=\"true\" class=\"wp-block-spacer\"><\/div>\n\n\n\n<p>Tauche in eine mittelalterliche Burg ein und lasse dich von leckeren Getr\u00e4nken \u00fcberraschen.<\/p>\n<\/div>\n\n\n\n<div class=\"wp-block-group alignwide has-background is-layout-flow wp-container-core-group-is-layout-d81ce689 wp-block-group-is-layout-flow\" style=\"border-radius:16px;background-color:#f9f8f5;margin-top:var(--wp--preset--spacing--10);margin-bottom:var(--wp--preset--spacing--10);padding-top:var(--wp--preset--spacing--10);padding-right:var(--wp--preset--spacing--50);padding-bottom:var(--wp--preset--spacing--10);padding-left:var(--wp--preset--spacing--50)\">\n<p class=\"has-text-align-center has-text-color has-link-color has-fontdinerdotcom-huggable-font-family has-large-font-size wp-elements-3bececc2a0808077cbe01676af98d141\" style=\"color:#bf1613;text-decoration:underline;text-transform:none\">Sommer Inferno<\/p>\n\n\n\n<div style=\"height:var(--wp--preset--spacing--10)\" aria-hidden=\"true\" class=\"wp-block-spacer\"><\/div>\n\n\n\n<p>Jetzt neu! Lass dich \u00fcberraschen, in unserer neuen Bar Sommer Inferno. Mit tollem sommerlichen Feeling und passenden erfrischenden Getr\u00e4nken. Wir bringen den Sommer zur\u00fcck!<\/p>\n<\/div>\n<\/div>\n","protected":false},"excerpt":{"rendered":"<p>Invasion S\u00fcdpol Doch da in der Ferne\u2026 was ist das? Ein Eisbrecher segelt im antarktischen Ozean. L\u00f6sche deinen Durst mit einem eiskalten Drink oder einem k\u00fchlen Bier. Predator Faszinierend, unbekannt, gef\u00e4hrlich\u2026 &#8211; das Universum hat viele Gesichter.&nbsp;Lass dich in eine fremde, exotische und mysteri\u00f6se&nbsp;Welt&nbsp;entf\u00fchren.&nbsp;Geniesse die Atmosph\u00e4re und erobere fremde Galaxien.&nbsp;Du wirst es nicht bereuen! Waldw\u00e4chter [&hellip;]<\/p>\n","protected":false},"author":2,"featured_media":0,"parent":0,"menu_order":4,"comment_status":"closed","ping_status":"closed","template":"","meta":{"footnotes":""},"class_list":["post-58","page","type-page","status-publish","hentry"],"_links":{"self":[{"href":"https:\/\/expedition-rothenburg.ch\/index.php\/wp-json\/wp\/v2\/pages\/58","targetHints":{"allow":["GET"]}}],"collection":[{"href":"https:\/\/expedition-rothenburg.ch\/index.php\/wp-json\/wp\/v2\/pages"}],"about":[{"href":"https:\/\/expedition-rothenburg.ch\/index.php\/wp-json\/wp\/v2\/types\/page"}],"author":[{"embeddable":true,"href":"https:\/\/expedition-rothenburg.ch\/index.php\/wp-json\/wp\/v2\/users\/2"}],"replies":[{"embeddable":true,"href":"https:\/\/expedition-rothenburg.ch\/index.php\/wp-json\/wp\/v2\/comments?post=58"}],"version-history":[{"count":27,"href":"https:\/\/expedition-rothenburg.ch\/index.php\/wp-json\/wp\/v2\/pages\/58\/revisions"}],"predecessor-version":[{"id":1120,"href":"https:\/\/expedition-rothenburg.ch\/index.php\/wp-json\/wp\/v2\/pages\/58\/revisions\/1120"}],"wp:attachment":[{"href":"https:\/\/expedition-rothenburg.ch\/index.php\/wp-json\/wp\/v2\/media?parent=58"}],"curies":[{"name":"wp","href":"https:\/\/api.w.org\/{rel}","templated":true}]}}